{"id":2642,"date":"2021-02-15T22:09:30","date_gmt":"2021-02-15T22:09:30","guid":{"rendered":"https:\/\/abtr.codebakerweb.com\/articles-de-blog\/"},"modified":"2026-03-27T09:41:34","modified_gmt":"2026-03-27T09:41:34","slug":"articles-de-blog","status":"publish","type":"page","link":"https:\/\/abtr.codebakerweb.com\/fr\/articles-de-blog\/","title":{"rendered":"Articles de blog"},"content":{"rendered":"\t\t<div data-elementor-type=\"wp-page\" data-elementor-id=\"2642\" class=\"elementor elementor-2642 elementor-275\" data-elementor-post-type=\"page\">\n\t\t\t\t<div class=\"elementor-element elementor-element-7f151e2 e-flex e-con-boxed e-con e-parent\" data-id=\"7f151e2\" data-element_type=\"container\" data-settings=\"{&quot;background_background&quot;:&quot;classic&quot;}\">\n\t\t\t\t\t<div class=\"e-con-inner\">\n\t\t<div class=\"elementor-element elementor-element-24fde76 e-flex e-con-boxed e-con e-child\" data-id=\"24fde76\" data-element_type=\"container\">\n\t\t\t\t\t<div class=\"e-con-inner\">\n\t\t\t\t<div class=\"elementor-element elementor-element-0415fcb elementor-widget elementor-widget-heading\" data-id=\"0415fcb\" data-element_type=\"widget\" data-widget_type=\"heading.default\">\n\t\t\t\t<div class=\"elementor-widget-container\">\n\t\t\t\t\t<h1 class=\"elementor-heading-title elementor-size-default\">Articles de blog<\/h1>\t\t\t\t<\/div>\n\t\t\t\t<\/div>\n\t\t\t\t\t<\/div>\n\t\t\t\t<\/div>\n\t\t\t\t<div class=\"elementor-element elementor-element-9f5d7f7 elementor-widget elementor-widget-tp-shape-divider\" data-id=\"9f5d7f7\" data-element_type=\"widget\" data-widget_type=\"tp-shape-divider.default\">\n\t\t\t\t<div class=\"elementor-widget-container\">\n\t\t\t\t\t<div id=\"shape9f5d7f7\" class=\"tp-plus-shape-divider shape-wave shape9f5d7f7 shape-bottom flip-bottom \" data-id=\"shape9f5d7f7\" data-position=\"bottom\" data-section-type=\"row\"><svg class=\"wave-items classic-color elementor-repeater-item-df9232a\" width=\"100%\" height=\"80\" version=\"1.1\" xmlns=\"http:\/\/www.w3.org\/2000\/svg\" class=\"wave\" data-color=\"#F8F9FA99\" data-height=\"80\" data-bones=\"4\" data-amplitude=\"30\" data-speed=\"0\" ><defs><\/defs><path id=\"wave-df9232a\" d=\"\" \/><\/svg><svg class=\"wave-items classic-color elementor-repeater-item-a27d746\" width=\"100%\" height=\"80\" version=\"1.1\" xmlns=\"http:\/\/www.w3.org\/2000\/svg\" class=\"wave\" data-color=\"#F8F9FA\" data-height=\"80\" data-bones=\"3\" data-amplitude=\"40\" data-speed=\"0\" ><defs><\/defs><path id=\"wave-a27d746\" d=\"\" \/><\/svg><\/div>\t\t\t\t<\/div>\n\t\t\t\t<\/div>\n\t\t\t\t\t<\/div>\n\t\t\t\t<\/div>\n\t\t<div class=\"elementor-element elementor-element-4409bad e-flex e-con-boxed e-con e-parent\" data-id=\"4409bad\" data-element_type=\"container\">\n\t\t\t\t\t<div class=\"e-con-inner\">\n\t\t<div class=\"elementor-element elementor-element-2199a09 e-con-full e-flex e-con e-child\" data-id=\"2199a09\" data-element_type=\"container\">\n\t\t\t\t<div class=\"elementor-element elementor-element-81f8dfa elementor-widget elementor-widget-tp-blog-listout\" data-id=\"81f8dfa\" data-element_type=\"widget\" data-widget_type=\"tp-blog-listout.default\">\n\t\t\t\t\t<h3 class=\"theplus-posts-not-found\">Posts not found<\/h3>\t\t\t\t<\/div>\n\t\t\t\t<\/div>\n\t\t<div class=\"elementor-element elementor-element-711d922 e-con-full e-flex e-con e-child\" data-id=\"711d922\" data-element_type=\"container\" data-settings=\"{&quot;sticky&quot;:&quot;top&quot;,&quot;sticky_on&quot;:[&quot;desktop&quot;,&quot;mobile&quot;],&quot;sticky_offset&quot;:150,&quot;sticky_anchor_link_offset&quot;:150,&quot;sticky_parent&quot;:&quot;yes&quot;,&quot;sticky_effects_offset&quot;:0}\">\n\t\t\t\t<div class=\"elementor-element elementor-element-1b4d087 elementor-widget elementor-widget-tp-search-bar\" data-id=\"1b4d087\" data-element_type=\"widget\" data-widget_type=\"tp-search-bar.default\">\n\t\t\t\t<div class=\"elementor-widget-container\">\n\t\t\t\t\t<div class=\"tp-search-bar  uId-69e380269dc68\" data-id=\"uId-69e380269dc68\" data-ajax_search='{&quot;ajax&quot;:&quot;yes&quot;,&quot;nonce&quot;:&quot;6393b744c2&quot;,&quot;ajaxsearchCharLimit&quot;:3,&quot;style&quot;:&quot;style-1&quot;,&quot;styleColumn&quot;:&quot;tp-col-lg-12 tp-col-md-12 tp-col-sm-12 tp-col-12&quot;,&quot;post_page&quot;:3,&quot;Postype_Def&quot;:[&quot;post&quot;]}' data-genericfilter=\"{&quot;GFEnable&quot;:1,&quot;GFSType&quot;:&quot;otheroption&quot;,&quot;GFTitle&quot;:1,&quot;GFContent&quot;:0,&quot;GFName&quot;:0,&quot;GFExcerpt&quot;:0,&quot;GFCategory&quot;:0,&quot;GFTags&quot;:0}\" data-result-setting=\"{&quot;ONTitle&quot;:1,&quot;ONContent&quot;:1,&quot;ONThumb&quot;:1,&quot;ONPrice&quot;:1,&quot;ONShortDesc&quot;:1,&quot;TotalResult&quot;:1,&quot;TotalResultTxt&quot;:&quot;R\\u00e9sultats&quot;,&quot;ResultlinkOn&quot;:1,&quot;Resultlinktarget&quot;:&quot;_blank&quot;,&quot;textlimit&quot;:1,&quot;TxtTitle&quot;:0,&quot;texttype&quot;:&quot;&quot;,&quot;textcount&quot;:100,&quot;textdots&quot;:&quot;&quot;,&quot;Txtcont&quot;:0,&quot;ContType&quot;:&quot;&quot;,&quot;ContCount&quot;:100,&quot;ContDots&quot;:&quot;&quot;,&quot;animation_effects&quot;:&quot;no-animation&quot;,&quot;errormsg&quot;:&quot;Nous sommes d\\u00e9sol\\u00e9s, mais nous n&#039;avons trouv\\u00e9 aucun r\\u00e9sultat&quot;}\" data-pagination-data=\"{&quot;Pagestyle&quot;:&quot;load_more&quot;,&quot;loadbtntxt&quot;:&quot;Charger plus&quot;,&quot;loadingtxt&quot;:&quot;Chargement...&quot;,&quot;loadedtxt&quot;:&quot;Ce sont tous les r\\u00e9sultats&quot;,&quot;loadnumber&quot;:4,&quot;loadpage&quot;:1,&quot;loadPagetxt&quot;:&quot;Total\\u00a0:&quot;}\" data-acfdata=\"{&quot;ACFEnable&quot;:0,&quot;ACFkey&quot;:&quot;&quot;}\" data-default-data= '{\"Def_Post\":[\"post\"],\"SpecialCTP\":0,\"SpecialCTPType\":\"post\"}' ><form class=\"tp-search-form\" method=\"get\" action=\"https:\/\/abtr.codebakerweb.com\" onSubmit=\"return false;\"><div class=\"tp-form-field tp-row\"><div class=\"tp-input-field\"><div class=\"tp-input-label-field\"><label class=\"tp-search-label\">Rechercher<\/label><\/div><div class=\"tp-input-inner-field\"><input type=\"text\" name=\"s\"  class=\"tp-search-input\" id=\"seatxt-uId-69e380269dc68\" placeholder=\"\" autocomplete=\"off\" \/><span class=\"tp-search-input-icon\"><i aria-hidden=\"true\" class=\"fas fa-search\"><\/i><\/span><div class=\"tp-ajx-loading\"><div class=\"tp-spinner-loader\"><\/div><\/div><span class=\"tp-close-btn\"><i class=\"fas fa-times-circle tp-close-btn-icon\"><\/i><\/span><\/div><\/div><\/div><\/form><div class=\"tp-search-area style-1\"><div class=\"tp-search-error\"><\/div><div class=\"tp-search-header\"><div class=\"tp-search-resultcount\"><\/div><div class=\"tp-search-pagina\"><\/div><\/div><div class=\"tp-search-list \"><div class=\"tp-search-list-inner \" ><\/div><\/div><div class=\"ajax_load_more\"><\/div><\/div><\/div>\t\t\t\t<\/div>\n\t\t\t\t<\/div>\n\t\t<div class=\"elementor-element elementor-element-31744bc e-con-full elementor-hidden-mobile e-flex e-con e-child\" data-id=\"31744bc\" data-element_type=\"container\">\n\t\t\t\t<div class=\"elementor-element elementor-element-73a922f elementor-widget elementor-widget-heading\" data-id=\"73a922f\" data-element_type=\"widget\" data-widget_type=\"heading.default\">\n\t\t\t\t<div class=\"elementor-widget-container\">\n\t\t\t\t\t<h4 class=\"elementor-heading-title elementor-size-default\">Cat\u00e9gories<\/h4>\t\t\t\t<\/div>\n\t\t\t\t<\/div>\n\t\t\t\t<div class=\"elementor-element elementor-element-f59af83 elementor-grid-1 elementor-grid-tablet-2 elementor-grid-mobile-1 elementor-widget elementor-widget-loop-grid\" data-id=\"f59af83\" data-element_type=\"widget\" data-settings=\"{&quot;_skin&quot;:&quot;post_taxonomy&quot;,&quot;template_id&quot;:2660,&quot;columns&quot;:1,&quot;row_gap&quot;:{&quot;unit&quot;:&quot;px&quot;,&quot;size&quot;:10,&quot;sizes&quot;:[]},&quot;columns_tablet&quot;:&quot;2&quot;,&quot;columns_mobile&quot;:&quot;1&quot;,&quot;edit_handle_selector&quot;:&quot;[data-elementor-type=\\&quot;loop-item\\&quot;]&quot;,&quot;row_gap_tablet&quot;:{&quot;unit&quot;:&quot;px&quot;,&quot;size&quot;:&quot;&quot;,&quot;sizes&quot;:[]},&quot;row_gap_mobile&quot;:{&quot;unit&quot;:&quot;px&quot;,&quot;size&quot;:&quot;&quot;,&quot;sizes&quot;:[]}}\" data-widget_type=\"loop-grid.post_taxonomy\">\n\t\t\t\t<div class=\"elementor-widget-container\">\n\t\t\t\t\t\t\t<div class=\"elementor-loop-container\" role=\"list\">\n\t\t\t\t<\/div>\n\t\t\t\t\t\t<\/div>\n\t\t\t\t<\/div>\n\t\t\t\t<div class=\"elementor-element elementor-element-ad68de9 elementor-widget elementor-widget-heading\" data-id=\"ad68de9\" data-element_type=\"widget\" data-widget_type=\"heading.default\">\n\t\t\t\t<div class=\"elementor-widget-container\">\n\t\t\t\t\t<h4 class=\"elementor-heading-title elementor-size-default\">M\u00e9dias sociaux\n<\/h4>\t\t\t\t<\/div>\n\t\t\t\t<\/div>\n\t\t\t\t<div class=\"elementor-element elementor-element-59e5086 elementor-icon-list--layout-inline elementor-align-left elementor-list-item-link-full_width elementor-widget elementor-widget-icon-list\" data-id=\"59e5086\" data-element_type=\"widget\" data-widget_type=\"icon-list.default\">\n\t\t\t\t<div class=\"elementor-widget-container\">\n\t\t\t\t\t\t\t<ul class=\"elementor-icon-list-items elementor-inline-items\">\n\t\t\t\t\t\t\t<li class=\"elementor-icon-list-item elementor-inline-item\">\n\t\t\t\t\t\t\t\t\t\t\t<a href=\"https:\/\/www.facebook.com\/ABTraduceri\" target=\"_blank\">\n\n\t\t\t\t\t\t\t\t\t\t\t\t<span class=\"elementor-icon-list-icon\">\n\t\t\t\t\t\t\t<i aria-hidden=\"true\" class=\"fab fa-facebook\"><\/i>\t\t\t\t\t\t<\/span>\n\t\t\t\t\t\t\t\t\t\t<span class=\"elementor-icon-list-text\"><\/span>\n\t\t\t\t\t\t\t\t\t\t\t<\/a>\n\t\t\t\t\t\t\t\t\t<\/li>\n\t\t\t\t\t\t\t\t<li class=\"elementor-icon-list-item elementor-inline-item\">\n\t\t\t\t\t\t\t\t\t\t\t<a href=\"https:\/\/www.youtube.com\/@abtraduceri\" target=\"_blank\">\n\n\t\t\t\t\t\t\t\t\t\t\t\t<span class=\"elementor-icon-list-icon\">\n\t\t\t\t\t\t\t<i aria-hidden=\"true\" class=\"fab fa-youtube\"><\/i>\t\t\t\t\t\t<\/span>\n\t\t\t\t\t\t\t\t\t\t<span class=\"elementor-icon-list-text\"><\/span>\n\t\t\t\t\t\t\t\t\t\t\t<\/a>\n\t\t\t\t\t\t\t\t\t<\/li>\n\t\t\t\t\t\t\t\t<li class=\"elementor-icon-list-item elementor-inline-item\">\n\t\t\t\t\t\t\t\t\t\t\t<a href=\"https:\/\/www.instagram.com\/ablanguagesolutions\" target=\"_blank\">\n\n\t\t\t\t\t\t\t\t\t\t\t\t<span class=\"elementor-icon-list-icon\">\n\t\t\t\t\t\t\t<i aria-hidden=\"true\" class=\"fab fa-instagram\"><\/i>\t\t\t\t\t\t<\/span>\n\t\t\t\t\t\t\t\t\t\t<span class=\"elementor-icon-list-text\"><\/span>\n\t\t\t\t\t\t\t\t\t\t\t<\/a>\n\t\t\t\t\t\t\t\t\t<\/li>\n\t\t\t\t\t\t\t\t<li class=\"elementor-icon-list-item elementor-inline-item\">\n\t\t\t\t\t\t\t\t\t\t\t<a href=\"https:\/\/www.linkedin.com\/company\/ab-language-solutions\/\" target=\"_blank\">\n\n\t\t\t\t\t\t\t\t\t\t\t\t<span class=\"elementor-icon-list-icon\">\n\t\t\t\t\t\t\t<i aria-hidden=\"true\" class=\"fab fa-linkedin\"><\/i>\t\t\t\t\t\t<\/span>\n\t\t\t\t\t\t\t\t\t\t<span class=\"elementor-icon-list-text\"><\/span>\n\t\t\t\t\t\t\t\t\t\t\t<\/a>\n\t\t\t\t\t\t\t\t\t<\/li>\n\t\t\t\t\t\t<\/ul>\n\t\t\t\t\t\t<\/div>\n\t\t\t\t<\/div>\n\t\t\t\t<\/div>\n\t\t\t\t<\/div>\n\t\t\t\t\t<\/div>\n\t\t\t\t<\/div>\n\t\t\t\t<\/div>\n\t\t","protected":false},"excerpt":{"rendered":"<p>Articles de blog Localizare website Customer Experience: Comunicarea \u00een limba clientului este superputerea ta Pe 7 octombrie am s\u0103rb\u0103torit Customer Experience Day (CX Day), o zi dedicat\u0103 reflec\u021biei&#8230; octombrie 8, 2025 AB Traduceri Localizarea site-ului cre\u0219te rata de conversie cu p\u00e2n\u0103 la 70% Vrei s\u0103 vinzi interna\u021bional, dar vizitatorii str\u0103ini abandoneaz\u0103 co\u0219ul de cump\u0103r\u0103turi sau [&hellip;]<\/p>\n","protected":false},"author":1,"featured_media":0,"parent":0,"menu_order":0,"comment_status":"closed","ping_status":"open","template":"elementor_header_footer","meta":{"footnotes":""},"class_list":["post-2642","page","type-page","status-publish","hentry"],"yoast_head":"<!-- This site is optimized with the Yoast SEO plugin v26.4 - https:\/\/yoast.com\/wordpress\/plugins\/seo\/ -->\n<title>Articles de blog - AB Traduceri<\/title>\n<meta name=\"description\" content=\"Nous traduisons des id\u00e9es, pas des mots. Des articles de blog o\u00f9 vous d\u00e9couvrez plus d\u2019astuces et de conseils sur le monde des services linguistiques, avec AB Traduceri.\" \/>\n<meta name=\"robots\" content=\"noindex, follow, max-snippet:-1, max-image-preview:large, max-video-preview:-1\" \/>\n<meta property=\"og:locale\" content=\"fr_FR\" \/>\n<meta property=\"og:type\" content=\"article\" \/>\n<meta property=\"og:title\" content=\"Articles de blog - AB Traduceri\" \/>\n<meta property=\"og:description\" content=\"Nous traduisons des id\u00e9es, pas des mots. Des articles de blog o\u00f9 vous d\u00e9couvrez plus d\u2019astuces et de conseils sur le monde des services linguistiques, avec AB Traduceri.\" \/>\n<meta property=\"og:url\" content=\"https:\/\/abtr.codebakerweb.com\/fr\/articles-de-blog\/\" \/>\n<meta property=\"og:site_name\" content=\"AB Traduceri\" \/>\n<meta property=\"article:modified_time\" content=\"2026-03-27T09:41:34+00:00\" \/>\n<meta property=\"og:image\" content=\"https:\/\/abtr.codebakerweb.com\/wp-content\/uploads\/2025\/10\/Customer-experience.png\" \/>\n<meta name=\"twitter:card\" content=\"summary_large_image\" \/>\n<meta name=\"twitter:label1\" content=\"Dur\u00e9e de lecture estim\u00e9e\" \/>\n\t<meta name=\"twitter:data1\" content=\"1 minute\" \/>\n<script type=\"application\/ld+json\" class=\"yoast-schema-graph\">{\"@context\":\"https:\/\/schema.org\",\"@graph\":[{\"@type\":\"WebPage\",\"@id\":\"https:\/\/abtr.codebakerweb.com\/fr\/articles-de-blog\/\",\"url\":\"https:\/\/abtr.codebakerweb.com\/fr\/articles-de-blog\/\",\"name\":\"Articles de blog - AB Traduceri\",\"isPartOf\":{\"@id\":\"https:\/\/abtr.codebakerweb.com\/fr\/#website\"},\"primaryImageOfPage\":{\"@id\":\"https:\/\/abtr.codebakerweb.com\/fr\/articles-de-blog\/#primaryimage\"},\"image\":{\"@id\":\"https:\/\/abtr.codebakerweb.com\/fr\/articles-de-blog\/#primaryimage\"},\"thumbnailUrl\":\"https:\/\/abtr.codebakerweb.com\/wp-content\/uploads\/2025\/10\/Customer-experience.png\",\"datePublished\":\"2021-02-15T22:09:30+00:00\",\"dateModified\":\"2026-03-27T09:41:34+00:00\",\"description\":\"Nous traduisons des id\u00e9es, pas des mots. Des articles de blog o\u00f9 vous d\u00e9couvrez plus d\u2019astuces et de conseils sur le monde des services linguistiques, avec AB Traduceri.\",\"breadcrumb\":{\"@id\":\"https:\/\/abtr.codebakerweb.com\/fr\/articles-de-blog\/#breadcrumb\"},\"inLanguage\":\"fr-FR\",\"potentialAction\":[{\"@type\":\"ReadAction\",\"target\":[\"https:\/\/abtr.codebakerweb.com\/fr\/articles-de-blog\/\"]}]},{\"@type\":\"ImageObject\",\"inLanguage\":\"fr-FR\",\"@id\":\"https:\/\/abtr.codebakerweb.com\/fr\/articles-de-blog\/#primaryimage\",\"url\":\"https:\/\/abtr.codebakerweb.com\/wp-content\/uploads\/2025\/10\/Customer-experience.png\",\"contentUrl\":\"https:\/\/abtr.codebakerweb.com\/wp-content\/uploads\/2025\/10\/Customer-experience.png\"},{\"@type\":\"BreadcrumbList\",\"@id\":\"https:\/\/abtr.codebakerweb.com\/fr\/articles-de-blog\/#breadcrumb\",\"itemListElement\":[{\"@type\":\"ListItem\",\"position\":1,\"name\":\"Home\",\"item\":\"https:\/\/abtr.codebakerweb.com\/fr\/bureau-de-traduction\/\"},{\"@type\":\"ListItem\",\"position\":2,\"name\":\"Articles de blog\"}]},{\"@type\":\"WebSite\",\"@id\":\"https:\/\/abtr.codebakerweb.com\/fr\/#website\",\"url\":\"https:\/\/abtr.codebakerweb.com\/fr\/\",\"name\":\"AB Traduceri\",\"description\":\"\",\"publisher\":{\"@id\":\"https:\/\/abtr.codebakerweb.com\/fr\/#organization\"},\"potentialAction\":[{\"@type\":\"SearchAction\",\"target\":{\"@type\":\"EntryPoint\",\"urlTemplate\":\"https:\/\/abtr.codebakerweb.com\/fr\/?s={search_term_string}\"},\"query-input\":{\"@type\":\"PropertyValueSpecification\",\"valueRequired\":true,\"valueName\":\"search_term_string\"}}],\"inLanguage\":\"fr-FR\"},{\"@type\":\"Organization\",\"@id\":\"https:\/\/abtr.codebakerweb.com\/fr\/#organization\",\"name\":\"AB Traduceri\",\"url\":\"https:\/\/abtr.codebakerweb.com\/fr\/\",\"logo\":{\"@type\":\"ImageObject\",\"inLanguage\":\"fr-FR\",\"@id\":\"https:\/\/abtr.codebakerweb.com\/fr\/#\/schema\/logo\/image\/\",\"url\":null,\"contentUrl\":null,\"width\":null,\"height\":null,\"caption\":\"AB Traduceri\"},\"image\":{\"@id\":\"https:\/\/abtr.codebakerweb.com\/fr\/#\/schema\/logo\/image\/\"}}]}<\/script>\n<!-- \/ Yoast SEO plugin. -->","yoast_head_json":{"title":"Articles de blog - AB Traduceri","description":"Nous traduisons des id\u00e9es, pas des mots. Des articles de blog o\u00f9 vous d\u00e9couvrez plus d\u2019astuces et de conseils sur le monde des services linguistiques, avec AB Traduceri.","robots":{"index":"noindex","follow":"follow","max-snippet":"max-snippet:-1","max-image-preview":"max-image-preview:large","max-video-preview":"max-video-preview:-1"},"og_locale":"fr_FR","og_type":"article","og_title":"Articles de blog - AB Traduceri","og_description":"Nous traduisons des id\u00e9es, pas des mots. Des articles de blog o\u00f9 vous d\u00e9couvrez plus d\u2019astuces et de conseils sur le monde des services linguistiques, avec AB Traduceri.","og_url":"https:\/\/abtr.codebakerweb.com\/fr\/articles-de-blog\/","og_site_name":"AB Traduceri","article_modified_time":"2026-03-27T09:41:34+00:00","og_image":[{"url":"https:\/\/abtr.codebakerweb.com\/wp-content\/uploads\/2025\/10\/Customer-experience.png","type":"","width":"","height":""}],"twitter_card":"summary_large_image","twitter_misc":{"Dur\u00e9e de lecture estim\u00e9e":"1 minute"},"schema":{"@context":"https:\/\/schema.org","@graph":[{"@type":"WebPage","@id":"https:\/\/abtr.codebakerweb.com\/fr\/articles-de-blog\/","url":"https:\/\/abtr.codebakerweb.com\/fr\/articles-de-blog\/","name":"Articles de blog - AB Traduceri","isPartOf":{"@id":"https:\/\/abtr.codebakerweb.com\/fr\/#website"},"primaryImageOfPage":{"@id":"https:\/\/abtr.codebakerweb.com\/fr\/articles-de-blog\/#primaryimage"},"image":{"@id":"https:\/\/abtr.codebakerweb.com\/fr\/articles-de-blog\/#primaryimage"},"thumbnailUrl":"https:\/\/abtr.codebakerweb.com\/wp-content\/uploads\/2025\/10\/Customer-experience.png","datePublished":"2021-02-15T22:09:30+00:00","dateModified":"2026-03-27T09:41:34+00:00","description":"Nous traduisons des id\u00e9es, pas des mots. Des articles de blog o\u00f9 vous d\u00e9couvrez plus d\u2019astuces et de conseils sur le monde des services linguistiques, avec AB Traduceri.","breadcrumb":{"@id":"https:\/\/abtr.codebakerweb.com\/fr\/articles-de-blog\/#breadcrumb"},"inLanguage":"fr-FR","potentialAction":[{"@type":"ReadAction","target":["https:\/\/abtr.codebakerweb.com\/fr\/articles-de-blog\/"]}]},{"@type":"ImageObject","inLanguage":"fr-FR","@id":"https:\/\/abtr.codebakerweb.com\/fr\/articles-de-blog\/#primaryimage","url":"https:\/\/abtr.codebakerweb.com\/wp-content\/uploads\/2025\/10\/Customer-experience.png","contentUrl":"https:\/\/abtr.codebakerweb.com\/wp-content\/uploads\/2025\/10\/Customer-experience.png"},{"@type":"BreadcrumbList","@id":"https:\/\/abtr.codebakerweb.com\/fr\/articles-de-blog\/#breadcrumb","itemListElement":[{"@type":"ListItem","position":1,"name":"Home","item":"https:\/\/abtr.codebakerweb.com\/fr\/bureau-de-traduction\/"},{"@type":"ListItem","position":2,"name":"Articles de blog"}]},{"@type":"WebSite","@id":"https:\/\/abtr.codebakerweb.com\/fr\/#website","url":"https:\/\/abtr.codebakerweb.com\/fr\/","name":"AB Traduceri","description":"","publisher":{"@id":"https:\/\/abtr.codebakerweb.com\/fr\/#organization"},"potentialAction":[{"@type":"SearchAction","target":{"@type":"EntryPoint","urlTemplate":"https:\/\/abtr.codebakerweb.com\/fr\/?s={search_term_string}"},"query-input":{"@type":"PropertyValueSpecification","valueRequired":true,"valueName":"search_term_string"}}],"inLanguage":"fr-FR"},{"@type":"Organization","@id":"https:\/\/abtr.codebakerweb.com\/fr\/#organization","name":"AB Traduceri","url":"https:\/\/abtr.codebakerweb.com\/fr\/","logo":{"@type":"ImageObject","inLanguage":"fr-FR","@id":"https:\/\/abtr.codebakerweb.com\/fr\/#\/schema\/logo\/image\/","url":null,"contentUrl":null,"width":null,"height":null,"caption":"AB Traduceri"},"image":{"@id":"https:\/\/abtr.codebakerweb.com\/fr\/#\/schema\/logo\/image\/"}}]}},"_links":{"self":[{"href":"https:\/\/abtr.codebakerweb.com\/fr\/wp-json\/wp\/v2\/pages\/2642","targetHints":{"allow":["GET"]}}],"collection":[{"href":"https:\/\/abtr.codebakerweb.com\/fr\/wp-json\/wp\/v2\/pages"}],"about":[{"href":"https:\/\/abtr.codebakerweb.com\/fr\/wp-json\/wp\/v2\/types\/page"}],"author":[{"embeddable":true,"href":"https:\/\/abtr.codebakerweb.com\/fr\/wp-json\/wp\/v2\/users\/1"}],"replies":[{"embeddable":true,"href":"https:\/\/abtr.codebakerweb.com\/fr\/wp-json\/wp\/v2\/comments?post=2642"}],"version-history":[{"count":6,"href":"https:\/\/abtr.codebakerweb.com\/fr\/wp-json\/wp\/v2\/pages\/2642\/revisions"}],"predecessor-version":[{"id":2680,"href":"https:\/\/abtr.codebakerweb.com\/fr\/wp-json\/wp\/v2\/pages\/2642\/revisions\/2680"}],"wp:attachment":[{"href":"https:\/\/abtr.codebakerweb.com\/fr\/wp-json\/wp\/v2\/media?parent=2642"}],"curies":[{"name":"wp","href":"https:\/\/api.w.org\/{rel}","templated":true}]}}